{"id":271,"date":"2026-01-08T16:16:29","date_gmt":"2026-01-08T16:16:29","guid":{"rendered":"https:\/\/dothisnext.de\/?page_id=271"},"modified":"2026-03-20T17:34:47","modified_gmt":"2026-03-20T17:34:47","slug":"impressum","status":"publish","type":"page","link":"https:\/\/dothisnext.de\/de\/impressum\/","title":{"rendered":"Impressum"},"content":{"rendered":"<div class=\"wp-block-group alignfull is-style-ext-preset--group--natural-1--section has-background-background-color has-background has-global-padding is-layout-constrained wp-container-core-group-is-layout-6150fac0 wp-block-group-is-layout-constrained\" style=\"margin-top:0;margin-bottom:0;padding-top:var(--wp--preset--spacing--70);padding-bottom:var(--wp--preset--spacing--70)\">\n<p><strong>Impressum<\/strong><\/p>\n\n\n\n<p><strong>Angaben gem\u00e4\u00df Impressum<\/strong> <\/p>\n\n\n\n<p>W\u00f6lke &amp; W\u00f6lke GbR <br>Ritterstra\u00dfe 8 <br>No Planet B, c\/o Pioneers Club <br>33602 Bielefeld <br>Deutschland <\/p>\n\n\n\n<p>Diese Adresse handelt sich um eine Postadresse. <\/p>\n\n\n\n<p><strong>Vertreten durch<\/strong>: <br>Jessica K. W\u00f6lke, CEO &amp; Co-Founder<\/p>\n\n\n\n<p><strong>Kontakt:<\/strong><\/p>\n\n\n\n<p>Telefon: +49 176 244 709 24<\/p>\n\n\n\n<p>E-Mail: info@dothisnext.de<\/p>\n\n\n\n<p><strong>Umsatzsteuer-Identifikationsnummer gem\u00e4\u00df \u00a7 27 a Umsatzsteuergesetz:<\/strong> <\/p>\n\n\n\n<p>DE331140442 <\/p>\n\n\n\n<p><strong>Angaben zur Berufshaftpflichtversicherung:<\/strong><\/p>\n\n\n\n<p>Name und Sitz des Versicherers:<\/p>\n\n\n\n<p>Hiscox SA <br>German branch: <br>Arnulfstra\u00dfe 31 <br>806360 Munich<br>Deutschland<\/p>\n\n\n\n<p><strong>Geltungsraum der Versicherung:<\/strong><\/p>\n\n\n\n<p>Weltweit<\/p>\n\n\n\n<p><strong>Redaktionell verantwortlich:<\/strong>nt:<\/p>\n\n\n\n<p>Jessica K. W\u00f6lke <br>W\u00f6lke &amp; W\u00f6lke GbR <br>No Planet B, c\/o Pioneers Club <br>Ritterstra\u00dfe 8 <br>33602 Bielefeld <br>Deutschland<\/p>\n\n\n\n<p><strong>Verbraucherstreitbeilegung \/ Universalschlichtungsstelle:<\/strong> <\/p>\n\n\n\n<p>Wir sind nicht bereit oder verpflichtet, an Streitbeilegungsverfahren vor einer Verbraucherschlichtungsstelle teilzunehmen. <\/p>\n\n\n\n<p><strong>Quelle:<\/strong><\/p>\n\n\n\n<p><a href=\"https:\/\/www.e-recht24.de\">https:\/\/www.e-recht24.de<\/a> <\/p>\n\n\n\n<p><\/p>\n<\/div>","protected":false},"excerpt":{"rendered":"<p>Impressum Website Publisher (Imprint) W\u00f6lke &amp; W\u00f6lke GbR Ritterstra\u00dfe 8 No Planet B, c\/o Pioneers Club 33602 Bielefeld Germany The address is a postal address. Legal representative: Jessica K. W\u00f6lke, CEO &amp; Co-Founder Contact Information: Mobile: +49 176 244 709 24 E-Mail: info@dothisnext.de VAT identification number in accordance with Section 27a of the German Value [&hellip;]<\/p>\n","protected":false},"author":1,"featured_media":0,"parent":0,"menu_order":0,"comment_status":"closed","ping_status":"closed","template":"page-with-title","meta":{"footnotes":""},"class_list":["post-271","page","type-page","status-publish","hentry"],"aioseo_notices":[],"_links":{"self":[{"href":"https:\/\/dothisnext.de\/de\/wp-json\/wp\/v2\/pages\/271","targetHints":{"allow":["GET"]}}],"collection":[{"href":"https:\/\/dothisnext.de\/de\/wp-json\/wp\/v2\/pages"}],"about":[{"href":"https:\/\/dothisnext.de\/de\/wp-json\/wp\/v2\/types\/page"}],"author":[{"embeddable":true,"href":"https:\/\/dothisnext.de\/de\/wp-json\/wp\/v2\/users\/1"}],"replies":[{"embeddable":true,"href":"https:\/\/dothisnext.de\/de\/wp-json\/wp\/v2\/comments?post=271"}],"version-history":[{"count":6,"href":"https:\/\/dothisnext.de\/de\/wp-json\/wp\/v2\/pages\/271\/revisions"}],"predecessor-version":[{"id":360,"href":"https:\/\/dothisnext.de\/de\/wp-json\/wp\/v2\/pages\/271\/revisions\/360"}],"wp:attachment":[{"href":"https:\/\/dothisnext.de\/de\/wp-json\/wp\/v2\/media?parent=271"}],"curies":[{"name":"wp","href":"https:\/\/api.w.org\/{rel}","templated":true}]}}