{"id":3,"date":"2025-10-27T11:30:53","date_gmt":"2025-10-27T11:30:53","guid":{"rendered":"https:\/\/dothisnext.de\/?page_id=3"},"modified":"2026-01-28T15:52:52","modified_gmt":"2026-01-28T15:52:52","slug":"privacy-policy","status":"publish","type":"page","link":"https:\/\/dothisnext.de\/de\/privacy-policy\/","title":{"rendered":"Datenschutzerkl\u00e4rung"},"content":{"rendered":"<h2 class=\"wp-block-heading\">1. Allgemeine Hinweise<\/h2>\n\n\n\n<p>Die folgenden Hinweise geben Ihnen einen einfachen \u00dcberblick dar\u00fcber, was mit Ihren personenbezogenen Daten passiert, wenn Sie diese Website besuchen. Personenbezogene Daten sind alle Daten, mit denen Sie pers\u00f6nlich identifiziert werden k\u00f6nnen.<\/p>\n\n\n\n<p>Ausf\u00fchrliche Informationen zum Datenschutz finden Sie in den nachstehenden Abschnitten dieser Datenschutzerkl\u00e4rung.<\/p>\n\n\n\n<h3 class=\"wp-block-heading\">Datenerfassung auf dieser Website<\/h3>\n\n\n\n<p><strong>Wer ist f\u00fcr die Datenerfassung auf dieser Website verantwortlich?<\/strong><br>Die Datenverarbeitung auf dieser Website erfolgt durch den Websitebetreiber.<\/p>\n\n\n\n<p><strong>Verantwortliche Stelle:<\/strong><br>Jessica W\u00f6lke, W\u00f6lke &amp; W\u00f6lke GbR<br>No Planet B, c\/o Pioneers Club<br>Ritterstr. 8<br>33602 Bielefeld<br>Deutschland<br>Telefon: +49 176 244 709 24<br>Email: info@dothisnext.de<\/p>\n\n\n\n<p>Die verantwortliche Stelle ist die nat\u00fcrliche oder juristische Person, die allein oder gemeinsam mit anderen \u00fcber die Zwecke und Mittel der Verarbeitung personenbezogener Daten entscheidet.<\/p>\n\n\n\n<h2 class=\"wp-block-heading\">Wie erfassen wir Ihre Daten?<\/h2>\n\n\n\n<p>Ein Teil der Daten wird dadurch erhoben, dass Sie sie uns direkt mitteilen, zum Beispiel, wenn Sie uns per E-Mail kontaktieren.<\/p>\n\n\n\n<p>Andere Daten werden automatisch oder nach Ihrer Einwilligung beim Besuch der Website erfasst. Dabei handelt es sich vor allem um technische Daten, zum Beispiel den Internetbrowser, das Betriebssystem oder die Uhrzeit des Seitenaufrufs. Diese Daten werden automatisch erfasst, sobald Sie diese Website betreten.<\/p>\n\n\n\n<h2 class=\"wp-block-heading\">Wof\u00fcr nutzen wir Ihre Daten?<\/h2>\n\n\n\n<p>Ein Teil der Daten wird erhoben, um eine fehlerfreie Bereitstellung der Website sicherzustellen. Andere Daten k\u00f6nnen zur Analyse der technischen Stabilit\u00e4t und Sicherheit verwendet werden. Eine Auswertung zu Tracking- oder Marketingzwecken erfolgt nicht.<\/p>\n\n\n\n<h2 class=\"wp-block-heading\">Welche Rechte haben Sie in Bezug auf Ihre Daten?<\/h2>\n\n\n\n<p>Sie haben jederzeit das Recht, unentgeltlich Auskunft \u00fcber Herkunft, Empf\u00e4nger und Zweck Ihrer gespeicherten personenbezogenen Daten zu erhalten. Au\u00dferdem haben Sie das Recht, die Berichtigung oder L\u00f6schung dieser Daten zu verlangen.<\/p>\n\n\n\n<p>Wenn Sie in die Datenverarbeitung eingewilligt haben, k\u00f6nnen Sie diese Einwilligung jederzeit mit Wirkung f\u00fcr die Zukunft widerrufen. Au\u00dferdem haben Sie unter bestimmten Umst\u00e4nden das Recht, die Einschr\u00e4nkung der Verarbeitung Ihrer personenbezogenen Daten zu verlangen.<\/p>\n\n\n\n<p>Dar\u00fcber hinaus steht Ihnen ein Beschwerderecht bei der zust\u00e4ndigen Aufsichtsbeh\u00f6rde zu.<\/p>\n\n\n\n<h2 class=\"wp-block-heading\">KI<\/h2>\n\n\n\n<p>Wir erg\u00e4nzen unsere Arbeit durch KI-Tools. KI hilft uns dabei, unsere \u00dcberlegungen kritisch zu pr\u00fcfen, blinde Flecken aufzudecken und fundierter zu reflektieren \u2013 das Ergebnis bleibt jedoch stets menschenzentriert.<\/p>\n\n\n\n<p>Wir arbeiten nach einer internen KI-Richtlinie und schulen unser Team im kompetenten Umgang mit KI. Dabei anonymisieren oder minimieren wir Daten, wo immer m\u00f6glich, und stellen sicher, dass alle Ergebnisse f\u00fcr Kund:innen einer menschlichen Pr\u00fcfung unterzogen werden. <\/p>\n\n\n\n<p>F\u00fcr den Einsatz von KI-Tools nutzen wir Dienste in Business-Qualit\u00e4t auf Grundlage eines Auftragsverarbeitungsvertrags und erlauben standardm\u00e4\u00dfig nicht, dass unsere Gesch\u00e4ftsdaten f\u00fcr das Training von Modellen verwendet werden.<\/p>\n\n\n\n<h2 class=\"wp-block-heading\">2. Allgemeine Hinweise und Pflichtinformationen<\/h2>\n\n\n\n<h2 class=\"wp-block-heading\">Datenschutz<\/h2>\n\n\n\n<p>Der Betreiber dieser Website nimmt den Schutz Ihrer personenbezogenen Daten sehr ernst. Wir behandeln Ihre personenbezogenen Daten vertraulich und entsprechend den gesetzlichen Datenschutzvorschriften sowie dieser Datenschutzerkl\u00e4rung.<\/p>\n\n\n\n<p>Bitte beachten Sie, dass die Daten\u00fcbertragung im Internet, zum Beispiel bei der Kommunikation per E-Mail, Sicherheitsl\u00fccken aufweisen kann. Ein l\u00fcckenloser Schutz der Daten vor dem Zugriff durch Dritte ist nicht m\u00f6glich.<\/p>\n\n\n\n<h2 class=\"wp-block-heading\">Speicherdauer<\/h2>\n\n\n\n<p>Soweit innerhalb dieser Datenschutzerkl\u00e4rung keine speziellere Speicherdauer genannt wird, verbleiben Ihre personenbezogenen Daten bei uns, bis der Zweck f\u00fcr die Datenverarbeitung entf\u00e4llt. Wenn Sie ein berechtigtes L\u00f6schersuchen geltend machen oder eine Einwilligung widerrufen, werden Ihre Daten gel\u00f6scht, sofern wir keine anderen rechtlich zul\u00e4ssigen Gr\u00fcnde f\u00fcr die Speicherung haben, zum Beispiel gesetzliche Aufbewahrungspflichten.<\/p>\n\n\n\n<h2 class=\"wp-block-heading\">Rechtsgrundlagen der Datenverarbeitung<\/h2>\n\n\n\n<p>Wenn Sie in die Datenverarbeitung eingewilligt haben, verarbeiten wir Ihre personenbezogenen Daten auf Grundlage von Art. 6 Abs. 1 lit. a DSGVO.<br>Soweit die Verarbeitung personenbezogener Daten zur Erf\u00fcllung eines Vertrags oder zur Durchf\u00fchrung vorvertraglicher Ma\u00dfnahmen erforderlich ist, erfolgt die Verarbeitung auf Grundlage von Art. 6 Abs. 1 lit. b DSGVO.<br>Die Verarbeitung kann au\u00dferdem auf Grundlage von Art. 6 Abs. 1 lit. f DSGVO erfolgen, insbesondere zur sicheren und technisch fehlerfreien Bereitstellung der Website.<\/p>\n\n\n\n<h2 class=\"wp-block-heading\">Empf\u00e4nger personenbezogener Daten<\/h2>\n\n\n\n<p>Im Rahmen unserer Gesch\u00e4ftst\u00e4tigkeit arbeiten wir mit externen Dienstleistern zusammen. Personenbezogene Daten werden nur dann an externe Stellen weitergegeben, wenn dies zur Vertragserf\u00fcllung erforderlich ist, gesetzlich vorgeschrieben ist oder ein berechtigtes Interesse unsererseits daran besteht.<\/p>\n\n\n\n<p>Soweit wir Auftragsverarbeiter einsetzen, erfolgt die Weitergabe personenbezogener Daten ausschlie\u00dflich auf Grundlage eines wirksamen Auftragsverarbeitungsvertrags.<\/p>\n\n\n\n<h2 class=\"wp-block-heading\">Widerruf Ihrer Einwilligung<\/h2>\n\n\n\n<p>Viele Datenverarbeitungsvorg\u00e4nge sind nur mit Ihrer ausdr\u00fccklichen Einwilligung m\u00f6glich. Eine bereits erteilte Einwilligung k\u00f6nnen Sie jederzeit widerrufen. Die Rechtm\u00e4\u00dfigkeit der bis zum Widerruf erfolgten Datenverarbeitung bleibt davon unber\u00fchrt.<\/p>\n\n\n\n<h2 class=\"wp-block-heading\">Widerspruchsrecht gegen die Datenerhebung (Art. 21 DSGVO)<\/h2>\n\n\n\n<p>If data processing is based on Art. 6(1)(f) GDPR, you have the right to object at any time to the processing of your personal data for reasons arising from your particular situation.<\/p>\n\n\n\n<p>Wenn Sie Widerspruch einlegen, werden Ihre personenbezogenen Daten nicht mehr verarbeitet, es sei denn, es k\u00f6nnen zwingende schutzw\u00fcrdige Gr\u00fcnde f\u00fcr die Verarbeitung nachgewiesen werden.<\/p>\n\n\n\n<h2 class=\"wp-block-heading\">Beschwerderecht bei der zust\u00e4ndigen Aufsichtsbeh\u00f6rde<\/h2>\n\n\n\n<p>Im Falle von Verst\u00f6\u00dfen gegen die DSGVO steht den betroffenen Personen ein Beschwerderecht bei einer Aufsichtsbeh\u00f6rde zu, insbesondere in dem Mitgliedstaat ihres gew\u00f6hnlichen Aufenthalts, ihres Arbeitsplatzes oder des Orts des mutma\u00dflichen Versto\u00dfes.<\/p>\n\n\n\n<h2 class=\"wp-block-heading\">Hosting<\/h2>\n\n\n\n<p>Diese Website wird bei einem externen Dienstleister (United Domains) gehostet.<br>Die auf dieser Website erfassten personenbezogenen Daten werden auf den Servern des Hosting-Anbieters verarbeitet. Dabei kann es sich insbesondere um IP-Adressen, Zugriffsdaten und technische Protokolldaten handeln.<\/p>\n\n\n\n<p>Die Verarbeitung erfolgt auf Grundlage von Art. 6 Abs. 1 lit. f DSGVO (berechtigtes Interesse an einer sicheren und effizienten Bereitstellung der Website).<\/p>\n\n\n\n<h2 class=\"wp-block-heading\">Server-Log-Dateien<\/h2>\n\n\n\n<p>Der Hosting-Anbieter erhebt und speichert automatisch Informationen in sogenannten Server-Log-Dateien, die Ihr Browser automatisch an uns \u00fcbermittelt. Dazu geh\u00f6ren:<\/p>\n\n\n\n<ul class=\"wp-block-list\">\n<li>Browsertyp und Browserversion<\/li>\n\n\n\n<li>verwendetes Betriebssystem<\/li>\n\n\n\n<li>Referrer-URL<\/li>\n\n\n\n<li>Hostname des zugreifenden Ger\u00e4ts<\/li>\n\n\n\n<li>Zeitpunkt der Serveranfrage<\/li>\n\n\n\n<li>IP-Adresse<\/li>\n<\/ul>\n\n\n\n<p>Diese Daten werden nicht mit anderen Datenquellen zusammengef\u00fchrt.<\/p>\n\n\n\n<h2 class=\"wp-block-heading\">Externe Links<\/h2>\n\n\n\n<p class=\"translation-block\">Diese Website enth\u00e4lt <strong>ausschlie\u00dflich Links<\/strong> zu externen Diensten. Diese Dienste sind <strong>nicht eingebunden<\/strong> und werden nicht automatisch geladen.<\/p>\n\n\n\n<p><strong>Calendly<\/strong><\/p>\n\n\n\n<p>Wir stellen einen Link zu dem externen Terminbuchungsdienst bereit: <strong>Calendly<\/strong> (Calendly LLC, 271 17th St NW, Atlanta, Georgia 30363, USA).<\/p>\n\n\n\n<p>Mit dem Anklicken des Links verlassen Sie unsere Website. Die Datenverarbeitung erfolgt dann ausschlie\u00dflich in der Verantwortung von Calendly.<\/p>\n\n\n\n<p>Datenschutzerkl\u00e4rung<br><a href=\"https:\/\/calendly.com\/privacy\">https:\/\/calendly.com\/privacy<\/a><\/p>\n\n\n\n<p><strong>LinkedIn<\/strong><\/p>\n\n\n\n<p>Unsere Website enth\u00e4lt einen Link zu unserem Profil im sozialen Netzwerk: <strong>LinkedIn<\/strong> (LinkedIn Ireland Unlimited Company, Wilton Plaza, Wilton Place, Dublin 2, Ireland).<\/p>\n\n\n\n<p>Es gelten die Datenschutzbestimmungen von LinkedIn.<\/p>\n\n\n\n<p><strong>YouTube<\/strong><\/p>\n\n\n\n<p>Unsere Website enth\u00e4lt einen Link zu Inhalten auf der Videoplattform: <strong>YouTube<\/strong> (Google Ireland Limited, Gordon House, Barrow Street, Dublin 4, Ireland).<\/p>\n\n\n\n<p>Es gelten die Datenschutzbestimmungen von YouTube.<\/p>\n\n\n\n<h2 class=\"wp-block-heading\">Cookies<\/h2>\n\n\n\n<p>Diese Website verwendet <strong>keine<\/strong> einwilligungspflichtigen Cookies.<br>Es werden ausschlie\u00dflich technisch notwendige Funktionen genutzt. Externe Dienste werden ausschlie\u00dflich \u00fcber Links aufgerufen und nicht automatisch geladen.<\/p>\n\n\n\n<h2 class=\"wp-block-heading\">Betroffenenrechte<\/h2>\n\n\n\n<p>Sie haben das Recht auf:<\/p>\n\n\n\n<ul class=\"wp-block-list\">\n<li>Auskunft \u00fcber Ihre personenbezogenen Daten (Art. 15 DSGVO)<\/li>\n\n\n\n<li>Berichtigung (Art. 16 DSGVO)<\/li>\n\n\n\n<li>L\u00f6schung (Art. 17 DSGVO)<\/li>\n\n\n\n<li>Einschr\u00e4nkung der Verarbeitung (Art. 18 DSGVO)<\/li>\n\n\n\n<li>Daten\u00fcbertragbarkeit (Art. 20 DSGVO)<\/li>\n\n\n\n<li>Widerspruch gegen die Verarbeitung (Art. 21 DSGVO)<\/li>\n<\/ul>\n\n\n\n<p>Bei Fragen zum Datenschutz k\u00f6nnen Sie sich jederzeit unter den oben angegebenen Kontaktdaten an uns wenden.<\/p>","protected":false},"excerpt":{"rendered":"<p>1. General information The following information provides a simple overview of what happens to your personal data when you visit this website. Personal data is any data by which you can be personally identified. Detailed information on data protection can be found in the sections below of this privacy policy. Data collection on this website [&hellip;]<\/p>\n","protected":false},"author":1,"featured_media":0,"parent":0,"menu_order":0,"comment_status":"closed","ping_status":"open","template":"","meta":{"footnotes":""},"class_list":["post-3","page","type-page","status-publish","hentry"],"aioseo_notices":[],"_links":{"self":[{"href":"https:\/\/dothisnext.de\/de\/wp-json\/wp\/v2\/pages\/3","targetHints":{"allow":["GET"]}}],"collection":[{"href":"https:\/\/dothisnext.de\/de\/wp-json\/wp\/v2\/pages"}],"about":[{"href":"https:\/\/dothisnext.de\/de\/wp-json\/wp\/v2\/types\/page"}],"author":[{"embeddable":true,"href":"https:\/\/dothisnext.de\/de\/wp-json\/wp\/v2\/users\/1"}],"replies":[{"embeddable":true,"href":"https:\/\/dothisnext.de\/de\/wp-json\/wp\/v2\/comments?post=3"}],"version-history":[{"count":3,"href":"https:\/\/dothisnext.de\/de\/wp-json\/wp\/v2\/pages\/3\/revisions"}],"predecessor-version":[{"id":303,"href":"https:\/\/dothisnext.de\/de\/wp-json\/wp\/v2\/pages\/3\/revisions\/303"}],"wp:attachment":[{"href":"https:\/\/dothisnext.de\/de\/wp-json\/wp\/v2\/media?parent=3"}],"curies":[{"name":"wp","href":"https:\/\/api.w.org\/{rel}","templated":true}]}}